{"id":13912,"date":"2023-03-24T08:12:36","date_gmt":"2023-03-24T08:12:36","guid":{"rendered":"https:\/\/fzsri.uniri.hr\/?page_id=13912"},"modified":"2026-05-08T07:56:56","modified_gmt":"2026-05-08T07:56:56","slug":"administrative-services","status":"publish","type":"page","link":"https:\/\/fzsri.uniri.hr\/en\/about-the-faculty\/structure\/administrative-services\/","title":{"rendered":"Administrative Services"},"content":{"rendered":"\n<h3 class=\"wp-block-heading\">Dean\u2019s Office<\/h3>\n\n\n\n<ul class=\"wp-block-list\">\n<li>e-mail:\u00a0<a href=\"mailto:dekanatfzsri@uniri.hr\">dekanatfzsri@uniri.hr<\/a><\/li>\n\n\n\n<li><a href=\"http:\/\/www.fzsri.uniri.hr\/files\/DJELATNICI\/FZS%20funkcioniranje.ppt\" target=\"_blank\" rel=\"noreferrer noopener\">Functioning of FZSRI<\/a><\/li>\n<\/ul>\n\n\n\n<h4 class=\"wp-block-heading\">Dean\u2019s Secretary<\/h4>\n\n\n\n<ul class=\"wp-block-list\">\n<li>Ana \u010caval \u0160panjol, MA (Arts)\n<ul class=\"wp-block-list\">\n<li>e-mail:\u00a0<a href=\"mailto:ana.caval@uniri.hr\">ana.caval@uniri.hr<\/a><\/li>\n<\/ul>\n<\/li>\n<\/ul>\n\n\n\n<h3 class=\"wp-block-heading\">Student Affairs Office<\/h3>\n\n\n\n<p class=\"has-black-color has-text-color\"><strong>Working hours:<\/strong><\/p>\n\n\n\n<p class=\"has-vivid-red-color has-text-color\">Monday, Tuesday, Wednesday, Friday: 08:30 \u2013 11:00<br>Thursday: 12:00 \u2013 15:00<\/p>\n\n\n\n<p class=\"has-vivid-red-color has-text-color\"><em>Students are kindly asked to adhere to the working hours. Thank you.<\/em><\/p>\n\n\n\n<ol class=\"wp-block-list\">\n<li>Head of Office: Vedrana Padovan, BA in Economics (graduate students)\n<ul class=\"wp-block-list\">\n<li>e-mail:\u00a0<a href=\"mailto:vedrana.padovan@uniri.hr\">vedrana.padovan@uniri.hr<\/a><\/li>\n<\/ul>\n<\/li>\n<\/ol>\n\n\n\n<ul class=\"wp-block-list\">\n<li>Marta Merle (current students)\n<ul class=\"wp-block-list\">\n<li>e-mail:\u00a0<a href=\"mailto:marta.merle@uniri.hr\">marta.merle@uniri.hr<\/a><\/li>\n<\/ul>\n<\/li>\n<\/ul>\n\n\n\n<ul class=\"wp-block-list\">\n<li>Ivona Zatkovi\u0107 Ru\u017ei\u0107, BA in Economics (current students)\n<ul class=\"wp-block-list\">\n<li>e-mail:\u00a0<a href=\"mailto:ivona.zatkovic@uniri.hr\">ivona.zatkovic@uniri.hr<\/a><\/li>\n<\/ul>\n<\/li>\n<\/ul>\n\n\n\n<ul class=\"wp-block-list\">\n<li>Matija Zano\u0161kar, MA (Culture) (current students)\n<ul class=\"wp-block-list\">\n<li>e-mail:\u00a0<a href=\"mailto:ines.kacuba@uniri.hr\">ines.kacuba@uniri.hr<\/a><\/li>\n<\/ul>\n<\/li>\n<\/ul>\n\n\n\n<h3 class=\"wp-block-heading\">Human Resources, General Affairs and Procurement Office<\/h3>\n\n\n\n<ul class=\"wp-block-list\">\n<li>Head of Office: Danko Kirin\u010di\u0107, BEng\n<ul class=\"wp-block-list\">\n<li>e-mail:\u00a0<a href=\"mailto:danko.kirincic@uniri.hr\">danko.kirincic@uniri.hr<\/a><\/li>\n<\/ul>\n<\/li>\n<\/ul>\n\n\n\n<ul class=\"wp-block-list\">\n<li>Jelena \u0110edovi\u0107\n<ul class=\"wp-block-list\">\n<li>e-mail:\u00a0<a href=\"mailto:jelena.dedovic@uniri.hr\">jelena.dedovic@uniri.hr<\/a><\/li>\n<\/ul>\n<\/li>\n<\/ul>\n\n\n\n<h4 class=\"wp-block-heading\">Registry Office<\/h4>\n\n\n\n<ul class=\"wp-block-list\">\n<li>Dinko Jureti\u0107, BA in Public Administration\n<ul class=\"wp-block-list\">\n<li>e-mail:\u00a0<a href=\"mailto:dinko.juretic@uniri.hr\">dinko.juretic@uniri.hr<\/a><\/li>\n<\/ul>\n<\/li>\n<\/ul>\n\n\n\n<h3 class=\"wp-block-heading\">Finance and Accounting Office<\/h3>\n\n\n\n<ul class=\"wp-block-list\">\n<li>Head of Office: Vanja \u017dupan, MSc, BA in Economics\n<ul class=\"wp-block-list\">\n<li>e-mail:\u00a0<a href=\"mailto:vanja.lezaja@uniri.hr\">vanja.lezaja@uniri.hr<\/a><\/li>\n<\/ul>\n<\/li>\n<\/ul>\n\n\n\n<ul class=\"wp-block-list\">\n<li>Daniela Lovrinov\n<ul class=\"wp-block-list\">\n<li>e-mail:\u00a0<a href=\"mailto:daniela.lovrinov@uniri.hr\">daniela.lovrinov@uniri.hr<\/a><\/li>\n<\/ul>\n<\/li>\n<\/ul>\n\n\n\n<ul class=\"wp-block-list\">\n<li>Barbara Kukec Grigi\u0107, BA in Economics\n<ul class=\"wp-block-list\">\n<li>e-mail:\u00a0<a href=\"mailto:barbara.kukec.grigic@uniri.hr\">barbara.kukec.grigic@uniri.hr<\/a><\/li>\n<\/ul>\n<\/li>\n<\/ul>\n\n\n\n<h3 class=\"wp-block-heading\">IT Specialist<\/h3>\n\n\n\n<ul class=\"wp-block-list\">\n<li>Vedran \u0106urkovi\u0107, MA in Informatics\n<ul class=\"wp-block-list\">\n<li>e-mail:\u00a0<a href=\"mailto:vedran.curkovic@uniri.hr\">vedran.curkovic@uniri.hr<\/a><\/li>\n<\/ul>\n<\/li>\n<\/ul>\n\n\n\n<p><\/p>\n","protected":false},"excerpt":{"rendered":"<p>Dean\u2019s Office Dean\u2019s Secretary Student Affairs Office Working hours: Monday, Tuesday, Wednesday, Friday: 08:30 \u2013 11:00Thursday: 12:00 \u2013 15:00 Students are kindly asked to adhere to the working hours. Thank you. Human Resources, General Affairs and Procurement Office Registry Office Finance and Accounting Office IT Specialist<\/p>\n","protected":false},"author":4,"featured_media":0,"parent":13847,"menu_order":4,"comment_status":"closed","ping_status":"closed","template":"","meta":{"_acf_changed":false,"ub_ctt_via":"","footnotes":""},"class_list":["post-13912","page","type-page","status-publish","hentry"],"acf":[],"featured_image_src":null,"_links":{"self":[{"href":"https:\/\/fzsri.uniri.hr\/en\/wp-json\/wp\/v2\/pages\/13912","targetHints":{"allow":["GET"]}}],"collection":[{"href":"https:\/\/fzsri.uniri.hr\/en\/wp-json\/wp\/v2\/pages"}],"about":[{"href":"https:\/\/fzsri.uniri.hr\/en\/wp-json\/wp\/v2\/types\/page"}],"author":[{"embeddable":true,"href":"https:\/\/fzsri.uniri.hr\/en\/wp-json\/wp\/v2\/users\/4"}],"replies":[{"embeddable":true,"href":"https:\/\/fzsri.uniri.hr\/en\/wp-json\/wp\/v2\/comments?post=13912"}],"version-history":[{"count":2,"href":"https:\/\/fzsri.uniri.hr\/en\/wp-json\/wp\/v2\/pages\/13912\/revisions"}],"predecessor-version":[{"id":15223,"href":"https:\/\/fzsri.uniri.hr\/en\/wp-json\/wp\/v2\/pages\/13912\/revisions\/15223"}],"up":[{"embeddable":true,"href":"https:\/\/fzsri.uniri.hr\/en\/wp-json\/wp\/v2\/pages\/13847"}],"wp:attachment":[{"href":"https:\/\/fzsri.uniri.hr\/en\/wp-json\/wp\/v2\/media?parent=13912"}],"curies":[{"name":"wp","href":"https:\/\/api.w.org\/{rel}","templated":true}]}}